{"id":18,"date":"2020-02-05T15:44:25","date_gmt":"2020-02-05T14:44:25","guid":{"rendered":"http:\/\/ksec-consulting.de\/fresh\/?page_id=18"},"modified":"2020-02-07T16:03:48","modified_gmt":"2020-02-07T15:03:48","slug":"awareness-schulungen","status":"publish","type":"page","link":"https:\/\/ksec-consulting.de\/?page_id=18","title":{"rendered":"Awareness &#038; Schulungen"},"content":{"rendered":"\n<blockquote class=\"wp-block-quote is-layout-flow wp-block-quote-is-layout-flow\"><p>Zwei Dinge sind unendlich, das Universum und die menschliche Dummheit. <br>Aber beim Universum bin ich mir noch nicht ganz sicher.\u201c<\/p><cite>Albert Einstein<\/cite><\/blockquote>\n\n\n\n<p>IT-Security ist nur zum Teil technisch &#8211; einer der gr\u00f6\u00dften Risikofaktoren ist und bleibt der Mensch, sei es als Nutzer, Entwickler, Administrator oder Manager. Um die reale, aber auch die gef\u00fchlte IT-Sicherheit in Ihrem Unternehmen zu verbessern oder zu festigen, bieten wir daher verschiedene IT-Security Vortr\u00e4ge und Schulungen an, um das theoretische und praktische KnowHow der Teilnehmer auf das n\u00e4chsth\u00f6here IT-Security-Level zu bringen.<\/p>\n\n\n\n<p>Die Durchf\u00fchrung der Veranstaltungen erfolgt durch Torben Klagge, der als Vortragender\/Lehrendes seit 2009 sowohl in der Wirtschaft, als auch auf Tagungen und im universit\u00e4ren Umfeld als Redner sowie Schulender aktiv ist, sowie ggf. durch unterst\u00fctzende Vortragende. Werfen Sie gerne einen Blick auf die von uns bereits durchgef\u00fchrten <a href=\"https:\/\/ksec-consulting.de\/?page_id=12#anker_ref_vortraege\">Vortr\u00e4ge, Schulungen und Ver\u00f6ffentlichungen<\/a> &#8211; Sie k\u00f6nnen sich sicher sein, dass die Vortr\u00e4ge und Schulungen mit einem sehr fundierten theoretischen und tiefgehenden Praxiswissen sowie der gewissen Prise Spannung und Eloquenz  vermittelt werden.<\/p>\n\n\n\n<p class=\"has-text-align-center\"><strong><a href=\"https:\/\/ksec-consulting.de\/?page_id=10\">Sprechen Sie uns an!<\/a><\/strong><\/p>\n\n\n\n<h2 class=\"wp-block-heading\">Unsere aktuell verf\u00fcgbaren Veranstaltungen &amp; Schulungen<\/h2>\n\n\n\n\n<!-- Page-list plugin v.5.9 wordpress.org\/plugins\/page-list\/ -->\n<ul class=\"page-list subpages-page-list \">\n<li class=\"page_item page-item-336\"><a href=\"https:\/\/ksec-consulting.de\/?page_id=336\">Live-Hacking Veranstaltung<\/a><\/li>\n\n<\/ul>\n","protected":false},"excerpt":{"rendered":"<p>Zwei Dinge sind unendlich, das Universum und die menschliche Dummheit. Aber beim Universum bin ich mir noch nicht ganz sicher.\u201c Albert Einstein IT-Security ist nur zum Teil technisch &#8211; einer der gr\u00f6\u00dften Risikofaktoren ist und bleibt der Mensch, sei es als Nutzer, Entwickler, Administrator oder Manager. Um die reale, aber auch die gef\u00fchlte IT-Sicherheit in [&hellip;]<\/p>\n","protected":false},"author":1,"featured_media":0,"parent":0,"menu_order":0,"comment_status":"closed","ping_status":"closed","template":"","meta":{"footnotes":""},"class_list":["post-18","page","type-page","status-publish","czr-hentry"],"_links":{"self":[{"href":"https:\/\/ksec-consulting.de\/index.php?rest_route=\/wp\/v2\/pages\/18","targetHints":{"allow":["GET"]}}],"collection":[{"href":"https:\/\/ksec-consulting.de\/index.php?rest_route=\/wp\/v2\/pages"}],"about":[{"href":"https:\/\/ksec-consulting.de\/index.php?rest_route=\/wp\/v2\/types\/page"}],"author":[{"embeddable":true,"href":"https:\/\/ksec-consulting.de\/index.php?rest_route=\/wp\/v2\/users\/1"}],"replies":[{"embeddable":true,"href":"https:\/\/ksec-consulting.de\/index.php?rest_route=%2Fwp%2Fv2%2Fcomments&post=18"}],"version-history":[{"count":5,"href":"https:\/\/ksec-consulting.de\/index.php?rest_route=\/wp\/v2\/pages\/18\/revisions"}],"predecessor-version":[{"id":358,"href":"https:\/\/ksec-consulting.de\/index.php?rest_route=\/wp\/v2\/pages\/18\/revisions\/358"}],"wp:attachment":[{"href":"https:\/\/ksec-consulting.de\/index.php?rest_route=%2Fwp%2Fv2%2Fmedia&parent=18"}],"curies":[{"name":"wp","href":"https:\/\/api.w.org\/{rel}","templated":true}]}}