{"id":226,"date":"2020-02-06T16:57:45","date_gmt":"2020-02-06T15:57:45","guid":{"rendered":"http:\/\/ksec-consulting.de\/fresh\/?page_id=226"},"modified":"2022-11-19T23:02:52","modified_gmt":"2022-11-19T22:02:52","slug":"liefer-leistungsumfang","status":"publish","type":"page","link":"https:\/\/ksec-consulting.de\/?page_id=226","title":{"rendered":"Liefer- &#038; Leistungsumfang"},"content":{"rendered":"\n<p> Jedes Paket unseres Pentest-Portfolios enth\u00e4lt die folgenden Leistungen:<\/p>\n\n\n\n<ul class=\"wp-block-list\">\n<li><strong>Vorabgespr\u00e4ch \/ KickOff<\/strong>\n<ul class=\"wp-block-list\">\n<li>Bei kleineren Tests per Telefon, bei gr\u00f6\u00dferen Tests bzw. wenn gew\u00fcnscht vor Ort, ggf. auch mehrstufig<\/li>\n<\/ul>\n<\/li>\n\n\n\n<li><strong>Durchf\u00fchrung des Tests<\/strong>\n<ul class=\"wp-block-list\">\n<li>Je nach im KickOff vereinbarten Testumfang und Testziel<\/li>\n<\/ul>\n<\/li>\n\n\n\n<li><strong>Auswertung &amp; Aufarbeitung der Ergebnisse<\/strong>\n<ul class=\"wp-block-list\">\n<li>Alle Ergebnisse werden manuell aufgearbeitet, und so Tools genutzt wurden, werden deren Ergebnisse ausschlie\u00dflich verifiziert genutzt.<\/li>\n<\/ul>\n<\/li>\n\n\n\n<li><strong>Bei Bedarf: Vorstellung \/ Pr\u00e4sentation der Zwischenst\u00e4nde \/ Vorab-Ergebnisse<\/strong>\n<ul class=\"wp-block-list\">\n<li>Erkannte kritische Schwachstellen, die ein zeitnahes Handeln erfordern, werden sofort aufbereitet und kommuniziert<\/li>\n<\/ul>\n<\/li>\n\n\n\n<li><strong>\u00dcbergabe der Ergebnisse an den Kunden<\/strong>\n<ul class=\"wp-block-list\">\n<li>Einen vollst\u00e4ndigen Bericht mit folgenden Inhalten:\n<ul class=\"wp-block-list\">\n<li>Management-Summary<\/li>\n\n\n\n<li>Statistische Auswertung der identifizierten Schwachstellen<\/li>\n\n\n\n<li>Beschreibung der Methodik<\/li>\n\n\n\n<li>Detailbeschreibung aller identifizierten Schwachstellen inkl. Risikobewertung und Mitigations-Vorschl\u00e4gen<\/li>\n\n\n\n<li>Handlungs- &amp; Priorisierungsempfehlungen<\/li>\n<\/ul>\n<\/li>\n\n\n\n<li>Eine tabellarische \u00dcbersicht aller identifizierten Schwachstellen zur strukturierten Abarbeitung bzw. Gruppierung und Priorisierung<\/li>\n<\/ul>\n<\/li>\n\n\n\n<li><strong>Bei Bedarf: Vor-Ort-Pr\u00e4sentation der Ergebnisse<\/strong>\n<ul class=\"wp-block-list\">\n<li>Pr\u00e4sentation der Ergebnisse auf verschiedenen Leveln (Management, Entwickler, Administratoren) nach Wunsch.<\/li>\n<\/ul>\n<\/li>\n<\/ul>\n","protected":false},"excerpt":{"rendered":"<p>Jedes Paket unseres Pentest-Portfolios enth\u00e4lt die folgenden Leistungen:<\/p>\n","protected":false},"author":1,"featured_media":0,"parent":16,"menu_order":0,"comment_status":"closed","ping_status":"closed","template":"","meta":{"footnotes":""},"class_list":["post-226","page","type-page","status-publish","czr-hentry"],"_links":{"self":[{"href":"https:\/\/ksec-consulting.de\/index.php?rest_route=\/wp\/v2\/pages\/226","targetHints":{"allow":["GET"]}}],"collection":[{"href":"https:\/\/ksec-consulting.de\/index.php?rest_route=\/wp\/v2\/pages"}],"about":[{"href":"https:\/\/ksec-consulting.de\/index.php?rest_route=\/wp\/v2\/types\/page"}],"author":[{"embeddable":true,"href":"https:\/\/ksec-consulting.de\/index.php?rest_route=\/wp\/v2\/users\/1"}],"replies":[{"embeddable":true,"href":"https:\/\/ksec-consulting.de\/index.php?rest_route=%2Fwp%2Fv2%2Fcomments&post=226"}],"version-history":[{"count":6,"href":"https:\/\/ksec-consulting.de\/index.php?rest_route=\/wp\/v2\/pages\/226\/revisions"}],"predecessor-version":[{"id":423,"href":"https:\/\/ksec-consulting.de\/index.php?rest_route=\/wp\/v2\/pages\/226\/revisions\/423"}],"up":[{"embeddable":true,"href":"https:\/\/ksec-consulting.de\/index.php?rest_route=\/wp\/v2\/pages\/16"}],"wp:attachment":[{"href":"https:\/\/ksec-consulting.de\/index.php?rest_route=%2Fwp%2Fv2%2Fmedia&parent=226"}],"curies":[{"name":"wp","href":"https:\/\/api.w.org\/{rel}","templated":true}]}}