{"id":246,"date":"2020-02-06T17:22:51","date_gmt":"2020-02-06T16:22:51","guid":{"rendered":"http:\/\/ksec-consulting.de\/fresh\/?page_id=246"},"modified":"2023-07-12T11:27:17","modified_gmt":"2023-07-12T09:27:17","slug":"qualifikationen","status":"publish","type":"page","link":"https:\/\/ksec-consulting.de\/?page_id=246","title":{"rendered":"Qualifikationen"},"content":{"rendered":"\n<figure class=\"wp-block-table\"><table><tbody><tr><td><img loading=\"lazy\" decoding=\"async\" width=\"150\" height=\"27\" class=\"wp-image-433\" style=\"width: 150px;\" src=\"https:\/\/ksec-consulting.de\/wp-content\/uploads\/ISO-IEC-27001-Senior-Lead-Implementer.png\" alt=\"\" srcset=\"https:\/\/ksec-consulting.de\/wp-content\/uploads\/ISO-IEC-27001-Senior-Lead-Implementer.png 2033w, https:\/\/ksec-consulting.de\/wp-content\/uploads\/ISO-IEC-27001-Senior-Lead-Implementer-300x54.png 300w, https:\/\/ksec-consulting.de\/wp-content\/uploads\/ISO-IEC-27001-Senior-Lead-Implementer-1024x185.png 1024w, https:\/\/ksec-consulting.de\/wp-content\/uploads\/ISO-IEC-27001-Senior-Lead-Implementer-768x139.png 768w, https:\/\/ksec-consulting.de\/wp-content\/uploads\/ISO-IEC-27001-Senior-Lead-Implementer-1536x278.png 1536w\" sizes=\"auto, (max-width: 150px) 100vw, 150px\" \/><\/td><td><strong>ISO 27001 Senior Lead Implementer (PECB)<\/strong><br>Ausgestellt: M\u00e4rz 2023<br>Zertifikats-ID: ISSLI1123058-2023-03<\/td><\/tr><tr><td><\/td><td><strong>Zus\u00e4tzliche Pr\u00fcfverfahrens-Kompetenz f\u00fcr \u00a7 8a (3) BSIG (ISACA)<\/strong><br>Ausgestellt: M\u00e4rz 2023<\/td><\/tr><tr><td><img loading=\"lazy\" decoding=\"async\" width=\"80\" height=\"80\" class=\"wp-image-164\" style=\"width: 80px;\" src=\"https:\/\/ksec-consulting.de\/wp-content\/uploads\/gpen-gold.png\" alt=\"\"><\/td><td><strong>GPEN (GIAC Penetration Tester)<\/strong><br>Ausgestellt: M\u00e4rz 2018<br>GIAC <a rel=\"noreferrer noopener\" href=\"https:\/\/www.giac.org\/certified-professional\/torben-klagge\/146589\" target=\"_blank\">Zertifikats-ID: 12719<\/a><\/td><\/tr><tr><td><img loading=\"lazy\" decoding=\"async\" width=\"80\" height=\"80\" class=\"wp-image-163\" style=\"width: 80px;\" src=\"https:\/\/ksec-consulting.de\/wp-content\/uploads\/gicsp-gold.png\" alt=\"\"><\/td><td><strong>GICSP (Global Industrial Cyber Security Professional)<\/strong><br>Ausgestellt: Juli 2015<br>GIAC <a rel=\"noreferrer noopener\" href=\"https:\/\/www.giac.org\/certified-professional\/torben-klagge\/146589\" target=\"_blank\">Zertifikats-ID: 566<\/a><\/td><\/tr><tr><td><img loading=\"lazy\" decoding=\"async\" width=\"134\" height=\"162\" class=\"wp-image-234\" style=\"width: 134px;\" src=\"https:\/\/ksec-consulting.de\/wp-content\/uploads\/uol-logo-e1601457583707.png\" alt=\"\"><\/td><td><strong>M.Sc. Computer Security<\/strong><br>&#8222;with distinction&#8220;<br><a rel=\"noreferrer noopener\" href=\"https:\/\/www.liverpool.ac.uk\/\" target=\"_blank\">University of Liverpool (UOL)<\/a><br>Abgeschlossen: 2011<\/td><\/tr><tr><td><img loading=\"lazy\" decoding=\"async\" width=\"150\" height=\"38\" class=\"wp-image-240\" style=\"width: 150px;\" src=\"https:\/\/ksec-consulting.de\/wp-content\/uploads\/wbh-logo.png\" alt=\"\"><\/td><td><strong>Dipl.-Ing.(FH) Elektrotechnik &amp; Telekommunikation<\/strong><br>Wilhelm-B\u00fcchner-Hochschule<br>Abgeschlossen: 2008<\/td><\/tr><\/tbody><\/table><\/figure>\n\n\n\n<div style=\"height:26px\" aria-hidden=\"true\" class=\"wp-block-spacer\"><\/div>\n\n\n\n<div style=\"height:26px\" aria-hidden=\"true\" class=\"wp-block-spacer\"><\/div>\n\n\n\n<div style=\"height:23px\" aria-hidden=\"true\" class=\"wp-block-spacer\"><\/div>\n","protected":false},"excerpt":{"rendered":"<p>ISO 27001 Senior Lead Implementer (PECB)Ausgestellt: M\u00e4rz 2023Zertifikats-ID: ISSLI1123058-2023-03 Zus\u00e4tzliche Pr\u00fcfverfahrens-Kompetenz f\u00fcr \u00a7 8a (3) BSIG (ISACA)Ausgestellt: M\u00e4rz 2023 GPEN (GIAC Penetration Tester)Ausgestellt: M\u00e4rz 2018GIAC Zertifikats-ID: 12719 GICSP (Global Industrial Cyber Security Professional)Ausgestellt: Juli 2015GIAC Zertifikats-ID: 566 M.Sc. Computer Security&#8222;with distinction&#8220;University of Liverpool (UOL)Abgeschlossen: 2011 Dipl.-Ing.(FH) Elektrotechnik &amp; TelekommunikationWilhelm-B\u00fcchner-HochschuleAbgeschlossen: 2008<\/p>\n","protected":false},"author":1,"featured_media":0,"parent":0,"menu_order":0,"comment_status":"closed","ping_status":"closed","template":"","meta":{"footnotes":""},"class_list":["post-246","page","type-page","status-publish","czr-hentry"],"_links":{"self":[{"href":"https:\/\/ksec-consulting.de\/index.php?rest_route=\/wp\/v2\/pages\/246","targetHints":{"allow":["GET"]}}],"collection":[{"href":"https:\/\/ksec-consulting.de\/index.php?rest_route=\/wp\/v2\/pages"}],"about":[{"href":"https:\/\/ksec-consulting.de\/index.php?rest_route=\/wp\/v2\/types\/page"}],"author":[{"embeddable":true,"href":"https:\/\/ksec-consulting.de\/index.php?rest_route=\/wp\/v2\/users\/1"}],"replies":[{"embeddable":true,"href":"https:\/\/ksec-consulting.de\/index.php?rest_route=%2Fwp%2Fv2%2Fcomments&post=246"}],"version-history":[{"count":32,"href":"https:\/\/ksec-consulting.de\/index.php?rest_route=\/wp\/v2\/pages\/246\/revisions"}],"predecessor-version":[{"id":451,"href":"https:\/\/ksec-consulting.de\/index.php?rest_route=\/wp\/v2\/pages\/246\/revisions\/451"}],"wp:attachment":[{"href":"https:\/\/ksec-consulting.de\/index.php?rest_route=%2Fwp%2Fv2%2Fmedia&parent=246"}],"curies":[{"name":"wp","href":"https:\/\/api.w.org\/{rel}","templated":true}]}}