{"id":269,"date":"2020-02-07T12:23:29","date_gmt":"2020-02-07T11:23:29","guid":{"rendered":"http:\/\/ksec-consulting.de\/fresh\/?page_id=269"},"modified":"2020-02-07T14:31:20","modified_gmt":"2020-02-07T13:31:20","slug":"research","status":"publish","type":"page","link":"https:\/\/ksec-consulting.de\/?page_id=269","title":{"rendered":"Research"},"content":{"rendered":"\n<blockquote class=\"wp-block-quote is-layout-flow wp-block-quote-is-layout-flow\"><p>Die Neugier steht immer an erster Stelle eines Problems, das gel\u00f6st werden muss.<\/p><cite>Galileo Galilei<\/cite><\/blockquote>\n\n\n\n<p>Als M.Sc. Computer Security und Dipl.-Ing.(FH) Elektrotechnik &amp; Telekommunikation sowohl in der reinen bit-basierten IT-Welt, als auch in der elektronen-basierten Elektronik-Welt unterwegs, sowie einer vorherigen knapp 8j\u00e4hrigen T\u00e4tigkeit in Forschung &amp; Lehre, ist Torben Klagge sowohl in gezielten IT-Security-Test-\/Forschungsprojekten einzelner Firmen (v.a. embedded-Systeme, Steuerger\u00e4te z.B. des Automotive-Sektors, Netzwerk-Infrastrukturger\u00e4te sowie Geb\u00e4ude-Management-Systeme) als auch in verschiedenen BugBounty-Programmen aktiv. <br>Die jeweiligen Ergebnisse werden zusammen mit den Auftraggebern bearbeitet und mitigiert, aktuell wurde auf jeweiligen Kundenwunsch allerdings noch keines dieser Projekte in Form eines responsible disclosures publiziert.<\/p>\n\n\n\n<p><strong>Sie haben ein Hard-\/Software-Projekt, in dem Sie in der laufenden Entwicklung Security-KnowHow ben\u00f6tigen? Sie haben einen Protoypen, den Sie auf Herz &amp; Nieren Security-testen und mit realen &#8222;Hacker-&#8222;-Methoden angreifen lassen wollen? <\/strong><\/p>\n\n\n\n<p class=\"has-text-align-center\"><strong><a href=\"https:\/\/ksec-consulting.de\/?page_id=10\">Kontaktieren<\/a> Sie mich!<\/strong><\/p>\n","protected":false},"excerpt":{"rendered":"<p>Die Neugier steht immer an erster Stelle eines Problems, das gel\u00f6st werden muss. Galileo Galilei Als M.Sc. Computer Security und Dipl.-Ing.(FH) Elektrotechnik &amp; Telekommunikation sowohl in der reinen bit-basierten IT-Welt, als auch in der elektronen-basierten Elektronik-Welt unterwegs, sowie einer vorherigen knapp 8j\u00e4hrigen T\u00e4tigkeit in Forschung &amp; Lehre, ist Torben Klagge sowohl in gezielten IT-Security-Test-\/Forschungsprojekten einzelner [&hellip;]<\/p>\n","protected":false},"author":1,"featured_media":0,"parent":0,"menu_order":0,"comment_status":"closed","ping_status":"closed","template":"","meta":{"footnotes":""},"class_list":["post-269","page","type-page","status-publish","czr-hentry"],"_links":{"self":[{"href":"https:\/\/ksec-consulting.de\/index.php?rest_route=\/wp\/v2\/pages\/269","targetHints":{"allow":["GET"]}}],"collection":[{"href":"https:\/\/ksec-consulting.de\/index.php?rest_route=\/wp\/v2\/pages"}],"about":[{"href":"https:\/\/ksec-consulting.de\/index.php?rest_route=\/wp\/v2\/types\/page"}],"author":[{"embeddable":true,"href":"https:\/\/ksec-consulting.de\/index.php?rest_route=\/wp\/v2\/users\/1"}],"replies":[{"embeddable":true,"href":"https:\/\/ksec-consulting.de\/index.php?rest_route=%2Fwp%2Fv2%2Fcomments&post=269"}],"version-history":[{"count":7,"href":"https:\/\/ksec-consulting.de\/index.php?rest_route=\/wp\/v2\/pages\/269\/revisions"}],"predecessor-version":[{"id":329,"href":"https:\/\/ksec-consulting.de\/index.php?rest_route=\/wp\/v2\/pages\/269\/revisions\/329"}],"wp:attachment":[{"href":"https:\/\/ksec-consulting.de\/index.php?rest_route=%2Fwp%2Fv2%2Fmedia&parent=269"}],"curies":[{"name":"wp","href":"https:\/\/api.w.org\/{rel}","templated":true}]}}