{"id":8,"date":"2020-02-05T15:42:59","date_gmt":"2020-02-05T14:42:59","guid":{"rendered":"http:\/\/ksec-consulting.de\/fresh\/?page_id=8"},"modified":"2020-02-07T14:30:25","modified_gmt":"2020-02-07T13:30:25","slug":"impressum","status":"publish","type":"page","link":"https:\/\/ksec-consulting.de\/?page_id=8","title":{"rendered":"Impressum"},"content":{"rendered":"\n<p><strong>Anbieter der Seite:<\/strong><br> Klagge Security Consulting \u2013 KSec-Consulting<br> Inhaber: Torben Klagge<br> Kaplansberg 2<br> 24582 Br\u00fcgge<br> Deutschland<\/p>\n\n\n\n<p><strong>Kontakt:<\/strong><br> Telefon: +49 151 7086 2106<br> Email: <a href=\"mailto:info@ksec-consulting.de\">info@ksec-consulting.de<\/a><br> Website: <a href=\"https:\/\/ksec-consulting.de\">https:\/\/ksec-consulting.de<\/a><\/p>\n\n\n\n<p>Ust.-ID: DE276347825<\/p>\n\n\n\n<p><strong>Disclaimer und rechtliche Hinweise<\/strong><\/p>\n\n\n\n<p><strong>1. Haftungsbeschr\u00e4nkung<\/strong><\/p>\n\n\n\n<p>Die Inhalte dieser Website werden mit gr\u00f6\u00dftm\u00f6glicher Sorgfalt erstellt. Der Anbieter \u00fcbernimmt jedoch keine Gew\u00e4hr f\u00fcr die Richtigkeit, Vollst\u00e4ndigkeit und Aktualit\u00e4t der bereitgestellten Inhalte. Die Nutzung der Inhalte der Website erfolgt auf eigene Gefahr des Nutzers. Namentlich gekennzeichnete Beitr\u00e4ge geben die Meinung des  jeweiligen Autors und nicht immer die Meinung des Anbieters wieder. Mit  der reinen Nutzung der Website des Anbieters kommt keinerlei Vertragsverh\u00e4ltnis zwischen dem Nutzer und dem Anbieter zustande.<\/p>\n\n\n\n<p><strong>2. Externe Links<\/strong><br> Diese Website enth\u00e4lt Verkn\u00fcpfungen zu Websites Dritter (\u201eexterne Links\u201c). Diese Websites unterliegen der Haftung der jeweiligen Betreiber. Der Anbieter hat bei der erstmaligen Verkn\u00fcpfung der externen Links die fremden Inhalte daraufhin \u00fcberpr\u00fcft, ob etwaige Rechtsverst\u00f6\u00dfe bestehen. Zu dem Zeitpunkt der Verlinkung waren keine Rechtsverst\u00f6\u00dfe ersichtlich. Der Anbieter hat keinerlei Einfluss auf die aktuelle und zuk\u00fcnftige Gestaltung und auf die Inhalte der verkn\u00fcpften Seiten. Das Setzen von externen Links bedeutet nicht, dass sich der Anbieter die hinter dem Verweis oder Link liegenden Inhalte zu Eigen macht. Eine st\u00e4ndige Kontrolle dieser externen Links ist f\u00fcr den Anbieter ohne konkrete Hinweise auf Rechtsverst\u00f6\u00dfe nicht zumutbar. Bei Kenntnis von  Rechtsverst\u00f6\u00dfen werden jedoch derartige externe Links unverz\u00fcglich  gel\u00f6scht.<\/p>\n\n\n\n<p><strong>3. Urheber- und Leistungsschutzrechte<\/strong><br> Die auf dieser Website ver\u00f6ffentlichten Inhalte unterliegen dem deutschen Urheber- und Leistungsschutzrecht. Jede vom deutschen Urheber-  und Leistungsschutzrecht nicht zugelassene Verwertung bedarf der vorherigen schriftlichen Zustimmung des Anbieters oder jeweiligen Rechteinhabers. Dies gilt insbesondere f\u00fcr Vervielf\u00e4ltigung, Bearbeitung, \u00dcbersetzung, Einspeicherung, Verarbeitung bzw. Wiedergabe von Inhalten in Datenbanken oder anderen elektronischen Medien und  Systemen. Inhalte und Rechte Dritter sind dabei als solche gekennzeichnet. Die unerlaubte Vervielf\u00e4ltigung oder Weitergabe einzelner Inhalte oder kompletter Seiten ist nicht gestattet und strafbar. Lediglich die Herstellung von Kopien und Downloads f\u00fcr den pers\u00f6nlichen, privaten und nicht kommerziellen Gebrauch ist erlaubt.<br> Die Darstellung dieser Website in fremden Frames ist nur mit schriftlicher Erlaubnis zul\u00e4ssig.<\/p>\n\n\n\n<p><strong>4. Datenschutz<\/strong><br>Siehe unsere <a href=\"https:\/\/ksec-consulting.de\/?page_id=3\">Datenschutzerkl\u00e4rung<\/a>.<\/p>\n\n\n\n<p><strong>5. Besondere Nutzungsbedingungen<\/strong><br>\n\tSoweit besondere Bedingungen f\u00fcr einzelne Nutzungen dieser Website von \nden vorgenannten Nummern 1. bis 4. abweichen, wird an entsprechender \nStelle ausdr\u00fccklich darauf hingewiesen. In diesem Falle gelten im \njeweiligen Einzelfall die besonderen Nutzungsbedingungen.<\/p>\n","protected":false},"excerpt":{"rendered":"<p>Anbieter der Seite: Klagge Security Consulting \u2013 KSec-Consulting Inhaber: Torben Klagge Kaplansberg 2 24582 Br\u00fcgge Deutschland Kontakt: Telefon: +49 151 7086 2106 Email: info@ksec-consulting.de Website: https:\/\/ksec-consulting.de Ust.-ID: DE276347825 Disclaimer und rechtliche Hinweise 1. Haftungsbeschr\u00e4nkung Die Inhalte dieser Website werden mit gr\u00f6\u00dftm\u00f6glicher Sorgfalt erstellt. Der Anbieter \u00fcbernimmt jedoch keine Gew\u00e4hr f\u00fcr die Richtigkeit, Vollst\u00e4ndigkeit und Aktualit\u00e4t [&hellip;]<\/p>\n","protected":false},"author":1,"featured_media":0,"parent":0,"menu_order":0,"comment_status":"closed","ping_status":"closed","template":"","meta":{"footnotes":""},"class_list":["post-8","page","type-page","status-publish","czr-hentry"],"_links":{"self":[{"href":"https:\/\/ksec-consulting.de\/index.php?rest_route=\/wp\/v2\/pages\/8","targetHints":{"allow":["GET"]}}],"collection":[{"href":"https:\/\/ksec-consulting.de\/index.php?rest_route=\/wp\/v2\/pages"}],"about":[{"href":"https:\/\/ksec-consulting.de\/index.php?rest_route=\/wp\/v2\/types\/page"}],"author":[{"embeddable":true,"href":"https:\/\/ksec-consulting.de\/index.php?rest_route=\/wp\/v2\/users\/1"}],"replies":[{"embeddable":true,"href":"https:\/\/ksec-consulting.de\/index.php?rest_route=%2Fwp%2Fv2%2Fcomments&post=8"}],"version-history":[{"count":8,"href":"https:\/\/ksec-consulting.de\/index.php?rest_route=\/wp\/v2\/pages\/8\/revisions"}],"predecessor-version":[{"id":470,"href":"https:\/\/ksec-consulting.de\/index.php?rest_route=\/wp\/v2\/pages\/8\/revisions\/470"}],"wp:attachment":[{"href":"https:\/\/ksec-consulting.de\/index.php?rest_route=%2Fwp%2Fv2%2Fmedia&parent=8"}],"curies":[{"name":"wp","href":"https:\/\/api.w.org\/{rel}","templated":true}]}}